{"id":2050,"date":"2023-10-02T12:53:37","date_gmt":"2023-10-02T12:53:37","guid":{"rendered":"https:\/\/inv.si\/documents\/"},"modified":"2025-03-18T15:19:21","modified_gmt":"2025-03-18T15:19:21","slug":"documents","status":"publish","type":"page","link":"https:\/\/inv.si\/en\/documents\/","title":{"rendered":"Documents"},"content":{"rendered":"\r\n<div id=\"content-intro-block-block_b5423c1285abec34d87e87a6af708968\" class=\"block-content-intro-block\">\r\n    <p>IES documents are currently only available in Slovenian. We apologize for the inconvenience.<\/p>\n<\/div>\r\n\n\n\r\n<style type=\"text\/css\">\r\n#accordion-block-block_3a7926f25b11e984b395b78480da49be {\r\n    \/* Add styles that use ACF values here *\/\r\n}\r\n<\/style>\r\n\r\n<div id=\"accordion-block-block_3a7926f25b11e984b395b78480da49be\" class=\"block-accordion-block\">\r\n            <div class=\"accordion__wrapper\">\r\n        <div class=\"accordion\">\r\n            <h3>IES Statutes<\/h3> <svg xmlns=\"http:\/\/www.w3.org\/2000\/svg\" width=\"15\" height=\"23\"\r\n                viewBox=\"0 0 15 23\" fill=\"none\">\r\n                <path fill-rule=\"evenodd\" clip-rule=\"evenodd\"\r\n                    d=\"M1.04289 22.4359C0.652368 22.0854 0.652368 21.5172 1.04289 21.1667L11.8358 11.4808L1.04289 1.79485C0.652366 1.44438 0.652366 0.876159 1.04289 0.525685C1.43342 0.175216 2.06658 0.175216 2.4571 0.525685L13.9571 10.8462C14.3476 11.1967 14.3476 11.7649 13.9571 12.1154L2.45711 22.4359C2.06658 22.7863 1.43342 22.7863 1.04289 22.4359Z\"\r\n                    fill=\"#959697\" \/>\r\n            <\/svg>\r\n        <\/div>\r\n        <div class=\"accordion__content\">\r\n            <p><a href=\"http:\/\/inv.si\/wp-content\/uploads\/2023\/10\/Statut-INV_22_2_2023.pdf\">Statut In\u0161tituta za narodnostna vpra\u0161anja (22.2.2023)<\/a>                             <\/p>\r\n        <\/div>\r\n    <\/div>\r\n        <\/div>\r\n\n\n\r\n<style type=\"text\/css\">\r\n#accordion-block-block_f0259fa7e9df0f14d7dc277046eaa4e4 {\r\n    \/* Add styles that use ACF values here *\/\r\n}\r\n<\/style>\r\n\r\n<div id=\"accordion-block-block_f0259fa7e9df0f14d7dc277046eaa4e4\" class=\"block-accordion-block\">\r\n            <div class=\"accordion__wrapper\">\r\n        <div class=\"accordion\">\r\n            <h3>Annual Reports <\/h3> <svg xmlns=\"http:\/\/www.w3.org\/2000\/svg\" width=\"15\" height=\"23\"\r\n                viewBox=\"0 0 15 23\" fill=\"none\">\r\n                <path fill-rule=\"evenodd\" clip-rule=\"evenodd\"\r\n                    d=\"M1.04289 22.4359C0.652368 22.0854 0.652368 21.5172 1.04289 21.1667L11.8358 11.4808L1.04289 1.79485C0.652366 1.44438 0.652366 0.876159 1.04289 0.525685C1.43342 0.175216 2.06658 0.175216 2.4571 0.525685L13.9571 10.8462C14.3476 11.1967 14.3476 11.7649 13.9571 12.1154L2.45711 22.4359C2.06658 22.7863 1.43342 22.7863 1.04289 22.4359Z\"\r\n                    fill=\"#959697\" \/>\r\n            <\/svg>\r\n        <\/div>\r\n        <div class=\"accordion__content\">\r\n            <p><a href=\"https:\/\/inv.si\/wp-content\/uploads\/2024\/09\/Letno-porocilo-2023.pdf\">Letno poro\u010dilo In\u0161tituta za narodnostna vpra\u0161anja za leto 2023<\/a><br \/>\r\n<a href=\"http:\/\/inv.si\/wp-content\/uploads\/2023\/11\/Letno-porocilo-2022.pdf\">Letno poro\u010dilo In\u0161tituta za narodnostna vpra\u0161anja za leto 2022<\/a><br \/>\r\n<a href=\"http:\/\/inv.si\/wp-content\/uploads\/2023\/11\/Letno-porocilo-2021.pdf\">Letno poro\u010dilo In\u0161tituta za narodnostna vpra\u0161anja za leto 2021<\/a><br \/>\r\n<a href=\"http:\/\/inv.si\/wp-content\/uploads\/2023\/11\/LP_INV_2020.pdf\">Letno poro\u010dilo In\u0161tituta za narodnostna vpra\u0161anja za leto 2020<\/a><br \/>\r\n<a href=\"http:\/\/inv.si\/wp-content\/uploads\/2023\/11\/Poslovno-porocilo-INV-za-leto-2019.pdf\">Letno poro\u010dilo In\u0161tituta za narodnostna vpra\u0161anja za leto 2019<\/a><br \/>\r\n<a href=\"http:\/\/inv.si\/wp-content\/uploads\/2023\/11\/Letno-porocilo-2018.pdf\">Letno poro\u010dilo In\u0161tituta za narodnostna vpra\u0161anja za leto 2018<\/a><br \/>\r\n<a href=\"http:\/\/inv.si\/wp-content\/uploads\/2023\/10\/Letno-porocilo-INV-20172.pdf\">Letno poro\u010dilo In\u0161tituta za narodnostna vpra\u0161anja za leto 2017<\/a><br \/>\r\n<a href=\"http:\/\/inv.si\/wp-content\/uploads\/2023\/10\/Letno-porocilo-za-poslovno-leto-2016.pdf\">Letno poro\u010dilo In\u0161tituta za narodnostna vpra\u0161anja za leto 2016<\/a><br \/>\r\n<a href=\"http:\/\/inv.si\/wp-content\/uploads\/2023\/10\/25-02-2016_Letno-porocilo-za-poslovno-leto-2015.pdf\">Letno poro\u010dilo In\u0161tituta za narodnostna vpra\u0161anja za leto 2015<\/a>                             <\/p>\r\n        <\/div>\r\n    <\/div>\r\n        <\/div>\r\n\n\n\r\n<style type=\"text\/css\">\r\n#accordion-block-block_350f35259bab8f1b1dca194ecc4bdf9f {\r\n    \/* Add styles that use ACF values here *\/\r\n}\r\n<\/style>\r\n\r\n<div id=\"accordion-block-block_350f35259bab8f1b1dca194ecc4bdf9f\" class=\"block-accordion-block\">\r\n            <\/div>\r\n\n\n\r\n<style type=\"text\/css\">\r\n#accordion-block-block_17fe83ba2d16440ac585c3b706dacaec {\r\n    \/* Add styles that use ACF values here *\/\r\n}\r\n<\/style>\r\n\r\n<div id=\"accordion-block-block_17fe83ba2d16440ac585c3b706dacaec\" class=\"block-accordion-block\">\r\n            <div class=\"accordion__wrapper\">\r\n        <div class=\"accordion\">\r\n            <h3>Other Documents<\/h3> <svg xmlns=\"http:\/\/www.w3.org\/2000\/svg\" width=\"15\" height=\"23\"\r\n                viewBox=\"0 0 15 23\" fill=\"none\">\r\n                <path fill-rule=\"evenodd\" clip-rule=\"evenodd\"\r\n                    d=\"M1.04289 22.4359C0.652368 22.0854 0.652368 21.5172 1.04289 21.1667L11.8358 11.4808L1.04289 1.79485C0.652366 1.44438 0.652366 0.876159 1.04289 0.525685C1.43342 0.175216 2.06658 0.175216 2.4571 0.525685L13.9571 10.8462C14.3476 11.1967 14.3476 11.7649 13.9571 12.1154L2.45711 22.4359C2.06658 22.7863 1.43342 22.7863 1.04289 22.4359Z\"\r\n                    fill=\"#959697\" \/>\r\n            <\/svg>\r\n        <\/div>\r\n        <div class=\"accordion__content\">\r\n            <p><a href=\"http:\/\/inv.si\/wp-content\/uploads\/2023\/11\/PRAVILNIK_stabilno-financiranje-znan_raz_-dejavnosti-INV_18_7_2022.pdf\">Stabilno financiranje znanstveno raziskovalnih dejavnosti INV (18.7.2022)<\/a><br \/>\r\n<a href=\"https:\/\/inv.si\/wp-content\/uploads\/2024\/09\/Pravilnik-o-dopolnitvi-Pravilnika-o-upravljanju-sredstev-za-stabilno-financiranje-znanstvenoraziskovalne-dejavnosti-na-INV.pdf\"> Pravilnik o dopolnitvi Pravilnika o upravljanju sredstev za stabilno financiranje znanstvenoraziskovalne dejavnosti na INV (19.11.2024)<\/a><br \/>\r\n<a href=\"http:\/\/inv.si\/wp-content\/uploads\/2023\/11\/Pravilnik-o-varovanju-dostojanstva-delavcev-pri-delu-INV.pdf\">Pravilnik o varovanju dostojanstva delavcev pri delu INV<\/a><br \/>\r\n<a href=\"http:\/\/inv.si\/wp-content\/uploads\/2023\/11\/Kodeks-raziskovalne-etike-Instituta-za-narodnostna-vprasanja_sept_2021.pdf\">Kodeks raziskovalne etike In\u0161tituta za narodnostna vpra\u0161anja (september 2021)<\/a><br \/>\r\n<a href=\"http:\/\/inv.si\/wp-content\/uploads\/2023\/11\/PODPISAN_Akcijski-nacrt-za-uveljavljanje-enakosti-spolov_junij-2021.pdf\">Akcijski na\u010drt za uveljavljanje enakosti spolov (junij 2021)<\/a><br \/>\r\n<a href=\"http:\/\/inv.si\/wp-content\/uploads\/2023\/11\/Pravilnik-o-znanstvenih-in-strokovno-raziskovalnih-nazivih-INV.pdf\"> Pravilnik o znanstvenih in strokovno-raziskovalnih nazivih INV<\/a>                             <\/p>\r\n        <\/div>\r\n    <\/div>\r\n        <\/div>\r\n","protected":false},"excerpt":{"rendered":"","protected":false},"author":7,"featured_media":0,"parent":0,"menu_order":0,"comment_status":"closed","ping_status":"closed","template":"page-template-about.php","meta":{"_acf_changed":false,"footnotes":""},"class_list":["post-2050","page","type-page","status-publish","hentry"],"acf":[],"_links":{"self":[{"href":"https:\/\/inv.si\/en\/wp-json\/wp\/v2\/pages\/2050","targetHints":{"allow":["GET"]}}],"collection":[{"href":"https:\/\/inv.si\/en\/wp-json\/wp\/v2\/pages"}],"about":[{"href":"https:\/\/inv.si\/en\/wp-json\/wp\/v2\/types\/page"}],"author":[{"embeddable":true,"href":"https:\/\/inv.si\/en\/wp-json\/wp\/v2\/users\/7"}],"replies":[{"embeddable":true,"href":"https:\/\/inv.si\/en\/wp-json\/wp\/v2\/comments?post=2050"}],"version-history":[{"count":4,"href":"https:\/\/inv.si\/en\/wp-json\/wp\/v2\/pages\/2050\/revisions"}],"predecessor-version":[{"id":4207,"href":"https:\/\/inv.si\/en\/wp-json\/wp\/v2\/pages\/2050\/revisions\/4207"}],"wp:attachment":[{"href":"https:\/\/inv.si\/en\/wp-json\/wp\/v2\/media?parent=2050"}],"curies":[{"name":"wp","href":"https:\/\/api.w.org\/{rel}","templated":true}]}}