{"id":2056,"date":"2026-02-18T11:17:33","date_gmt":"2026-02-18T11:17:33","guid":{"rendered":"https:\/\/inv.si\/public-tenders\/"},"modified":"2026-02-18T11:17:35","modified_gmt":"2026-02-18T11:17:35","slug":"public-tenders","status":"publish","type":"page","link":"https:\/\/inv.si\/en\/public-tenders\/","title":{"rendered":"Public Calls"},"content":{"rendered":"\r\n<div id=\"content-image-block-block_730657a2db73f5f58e249b3d31a5f8e9\" class=\"block-content-image-block \">\r\n                            <\/div>\r\n\n\n\r\n<div id=\"content-text-block-block_8d69ce224fcf1fe8397dd9e4d6df298d\" class=\"block-content-text-block\">\r\n    <p><p style=\"text-align: center\">Dne 18. 2. 2026 objavljamo JAVNO POVABILO za zbiranje predlogov za nacionalno evalvacijsko \u0161tudijo.<\/p>\n<blockquote>\n<p class=\"p2\" style=\"text-align: center\">Ministrstvo za vzgojo in izobra\u017eevanje na podlagi Sklepa o izboru tem nacionalnih<br \/>\nevalvacijskih \u0161tudij in njihovem financiranju za obdobje 24 mesecev \u0161t.<br \/>\n013-26\/2012\/667 z dne 16. 6. 2025, na podlagi 19. \u010dlena Pravilnika o posodabljanju<br \/>\nvzgojno-izobra\u017eevalnega dela (Uradni list RS, \u0161t. 7\/14, 27\/17 in 47\/19) v zvezi s 5. in 6.<br \/>\n\u010dlenom Protokola o dolo\u010danju in na\u010dinu izvajanja nacionalnih evalvacijskih \u0161tudij z dne<br \/>\n10. 5. 2024 (uradno pre\u010di\u0161\u010deno besedilo, v nadaljevanju Protokol) objavlja<\/p>\n<p class=\"p2\" style=\"text-align: center\"><b>JAVNO POVABILO <\/b><b><\/b><\/p>\n<p class=\"p2\" style=\"text-align: center\"><b>za zbiranje predlogov za nacionalno evalvacijsko \u0161tudijo s trajanjem 24 mesecev z naslovom <\/b><b><\/b><\/p>\n<p class=\"p2\" style=\"text-align: center\"><b>DEJAVNIKI OSIPA V SLOVENSKIH GLASBENIH \u0160OLAH<\/b><\/p>\n<p style=\"text-align: center\"><span style=\"text-decoration: underline\"><strong>Rok za prijavo: 20. 3. 2026<\/strong><\/span><\/p>\n<p class=\"p2\" style=\"text-align: center\">Ve\u010d informacij v datoteki spodaj ali na <a href=\"https:\/\/inv.si\/wp-content\/uploads\/2026\/02\/Podpisano-NES-Glasbene-sole-javno-povabilo.pdf\">povezavi<\/a>.<\/p>\n<\/blockquote>\n<\/p>\r\n<\/div>\n\n\r\n<style type=\"text\/css\">\r\n@media screen and (min-width: 992px) {\r\n    #pdf-viewer-block-block_2aa136ed0bf7871a0473c96a7e434fd7 {\r\n        max-width: %;\r\n    }\r\n}\r\n<\/style>\r\n\r\n<div id=\"pdf-viewer-block-block_2aa136ed0bf7871a0473c96a7e434fd7\" class=\"block-pdf-viewer-block\">\r\n        <a href=\"https:\/\/inv.si\/wp-content\/uploads\/2026\/02\/Podpisano-NES-Glasbene-sole-javno-povabilo.pdf\" class=\"pdfemb-viewer\" style=\"\" data-width=\"max\" data-height=\"max\" data-toolbar=\"bottom\" data-toolbar-fixed=\"off\">Podpisano-NES-Glasbene-sole-javno-povabilo<\/a>    <\/div>\r\n","protected":false},"excerpt":{"rendered":"","protected":false},"author":2,"featured_media":0,"parent":0,"menu_order":5,"comment_status":"closed","ping_status":"closed","template":"page-template-about.php","meta":{"_acf_changed":false,"footnotes":""},"class_list":["post-2056","page","type-page","status-publish","hentry"],"acf":[],"_links":{"self":[{"href":"https:\/\/inv.si\/en\/wp-json\/wp\/v2\/pages\/2056","targetHints":{"allow":["GET"]}}],"collection":[{"href":"https:\/\/inv.si\/en\/wp-json\/wp\/v2\/pages"}],"about":[{"href":"https:\/\/inv.si\/en\/wp-json\/wp\/v2\/types\/page"}],"author":[{"embeddable":true,"href":"https:\/\/inv.si\/en\/wp-json\/wp\/v2\/users\/2"}],"replies":[{"embeddable":true,"href":"https:\/\/inv.si\/en\/wp-json\/wp\/v2\/comments?post=2056"}],"version-history":[{"count":4,"href":"https:\/\/inv.si\/en\/wp-json\/wp\/v2\/pages\/2056\/revisions"}],"predecessor-version":[{"id":7622,"href":"https:\/\/inv.si\/en\/wp-json\/wp\/v2\/pages\/2056\/revisions\/7622"}],"wp:attachment":[{"href":"https:\/\/inv.si\/en\/wp-json\/wp\/v2\/media?parent=2056"}],"curies":[{"name":"wp","href":"https:\/\/api.w.org\/{rel}","templated":true}]}}