{"id":4180,"date":"2024-02-12T12:14:06","date_gmt":"2024-02-12T12:14:06","guid":{"rendered":"https:\/\/inv.si\/?page_id=4180"},"modified":"2026-04-10T11:39:15","modified_gmt":"2026-04-10T11:39:15","slug":"odprta-znanost","status":"publish","type":"page","link":"https:\/\/inv.si\/en\/odprta-znanost\/","title":{"rendered":"Open Science"},"content":{"rendered":"\r\n<style type=\"text\/css\">\r\n#accordion-block-block_f1b364e8cb3c3cec3fbab6e3ea3fc46e {\r\n    \/* Add styles that use ACF values here *\/\r\n}\r\n<\/style>\r\n\r\n<div id=\"accordion-block-block_f1b364e8cb3c3cec3fbab6e3ea3fc46e\" class=\"block-accordion-block\">\r\n            <div class=\"accordion__wrapper\">\r\n        <div class=\"accordion\">\r\n            <h3>Guidelines (Recommendations) for the Handling of Research Results at the IES (Slovenian)<\/h3> <svg xmlns=\"http:\/\/www.w3.org\/2000\/svg\" width=\"15\" height=\"23\"\r\n                viewBox=\"0 0 15 23\" fill=\"none\">\r\n                <path fill-rule=\"evenodd\" clip-rule=\"evenodd\"\r\n                    d=\"M1.04289 22.4359C0.652368 22.0854 0.652368 21.5172 1.04289 21.1667L11.8358 11.4808L1.04289 1.79485C0.652366 1.44438 0.652366 0.876159 1.04289 0.525685C1.43342 0.175216 2.06658 0.175216 2.4571 0.525685L13.9571 10.8462C14.3476 11.1967 14.3476 11.7649 13.9571 12.1154L2.45711 22.4359C2.06658 22.7863 1.43342 22.7863 1.04289 22.4359Z\"\r\n                    fill=\"#959697\" \/>\r\n            <\/svg>\r\n        <\/div>\r\n        <div class=\"accordion__content\">\r\n            <p>                                 <a class=\"accordion__content--link\" href=\"https:\/\/inv.si\/wp-content\/uploads\/2024\/09\/NAVODILA-ZA-RAVNANJE-Z-RAZISKOVALNIMI-REZLUTATI_2024.pdf\"><svg\r\n                        xmlns=\"http:\/\/www.w3.org\/2000\/svg\" width=\"22\" height=\"29\" viewBox=\"0 0 22 29\" fill=\"none\">\r\n                        <path\r\n                            d=\"M21.9226 8.65374L13.1481 0.036284L13.1072 0H4.06868C1.82954 0 0 1.82327 0 4.05474V24.9498C0 27.1767 1.82954 29 4.06868 29H17.9359C20.1705 29 22 27.1767 22 24.9498V8.72631L21.9226 8.65374ZM13.1481 2.26775L19.6516 8.65374H13.1481V2.26775ZM20.4071 24.9498C20.4071 26.3059 19.2967 27.4126 17.9359 27.4126H4.06868C2.70335 27.4126 1.59288 26.3059 1.59288 24.9498V4.05474C1.59288 2.69409 2.70335 1.58743 4.06868 1.58743H11.5552V8.58117C11.5552 9.49734 12.3016 10.2412 13.2255 10.2412H20.4071V24.9498Z\"\r\n                            fill=\"black\" \/>\r\n                        <path\r\n                            d=\"M15.6421 14.1462H6.48076C6.0409 14.1462 5.68432 14.5016 5.68432 14.9399C5.68432 15.3783 6.0409 15.7337 6.48076 15.7337H15.6421C16.082 15.7337 16.4386 15.3783 16.4386 14.9399C16.4386 14.5016 16.082 14.1462 15.6421 14.1462Z\"\r\n                            fill=\"black\" \/>\r\n                        <path\r\n                            d=\"M15.6421 17.6386H6.48076C6.0409 17.6386 5.68432 17.9939 5.68432 18.4323C5.68432 18.8706 6.0409 19.226 6.48076 19.226H15.6421C16.082 19.226 16.4386 18.8706 16.4386 18.4323C16.4386 17.9939 16.082 17.6386 15.6421 17.6386Z\"\r\n                            fill=\"black\" \/>\r\n                        <path\r\n                            d=\"M15.6421 21.1354H6.48076C6.0409 21.1354 5.68432 21.4908 5.68432 21.9292C5.68432 22.3675 6.0409 22.7229 6.48076 22.7229H15.6421C16.082 22.7229 16.4386 22.3675 16.4386 21.9292C16.4386 21.4908 16.082 21.1354 15.6421 21.1354Z\"\r\n                            fill=\"black\" \/>\r\n                    <\/svg><\/a>\r\n\r\n                            <\/p>\r\n        <\/div>\r\n    <\/div>\r\n        <div class=\"accordion__wrapper\">\r\n        <div class=\"accordion\">\r\n            <h3>Regulations on Ensuring Open Access to Scientific Publications at the Institute for Ethnic Studies<\/h3> <svg xmlns=\"http:\/\/www.w3.org\/2000\/svg\" width=\"15\" height=\"23\"\r\n                viewBox=\"0 0 15 23\" fill=\"none\">\r\n                <path fill-rule=\"evenodd\" clip-rule=\"evenodd\"\r\n                    d=\"M1.04289 22.4359C0.652368 22.0854 0.652368 21.5172 1.04289 21.1667L11.8358 11.4808L1.04289 1.79485C0.652366 1.44438 0.652366 0.876159 1.04289 0.525685C1.43342 0.175216 2.06658 0.175216 2.4571 0.525685L13.9571 10.8462C14.3476 11.1967 14.3476 11.7649 13.9571 12.1154L2.45711 22.4359C2.06658 22.7863 1.43342 22.7863 1.04289 22.4359Z\"\r\n                    fill=\"#959697\" \/>\r\n            <\/svg>\r\n        <\/div>\r\n        <div class=\"accordion__content\">\r\n            <p>                                 <a class=\"accordion__content--link\" href=\"https:\/\/inv.si\/wp-content\/uploads\/2026\/04\/Pravilnik-o-publiciranju_INV.pdf\"><svg\r\n                        xmlns=\"http:\/\/www.w3.org\/2000\/svg\" width=\"22\" height=\"29\" viewBox=\"0 0 22 29\" fill=\"none\">\r\n                        <path\r\n                            d=\"M21.9226 8.65374L13.1481 0.036284L13.1072 0H4.06868C1.82954 0 0 1.82327 0 4.05474V24.9498C0 27.1767 1.82954 29 4.06868 29H17.9359C20.1705 29 22 27.1767 22 24.9498V8.72631L21.9226 8.65374ZM13.1481 2.26775L19.6516 8.65374H13.1481V2.26775ZM20.4071 24.9498C20.4071 26.3059 19.2967 27.4126 17.9359 27.4126H4.06868C2.70335 27.4126 1.59288 26.3059 1.59288 24.9498V4.05474C1.59288 2.69409 2.70335 1.58743 4.06868 1.58743H11.5552V8.58117C11.5552 9.49734 12.3016 10.2412 13.2255 10.2412H20.4071V24.9498Z\"\r\n                            fill=\"black\" \/>\r\n                        <path\r\n                            d=\"M15.6421 14.1462H6.48076C6.0409 14.1462 5.68432 14.5016 5.68432 14.9399C5.68432 15.3783 6.0409 15.7337 6.48076 15.7337H15.6421C16.082 15.7337 16.4386 15.3783 16.4386 14.9399C16.4386 14.5016 16.082 14.1462 15.6421 14.1462Z\"\r\n                            fill=\"black\" \/>\r\n                        <path\r\n                            d=\"M15.6421 17.6386H6.48076C6.0409 17.6386 5.68432 17.9939 5.68432 18.4323C5.68432 18.8706 6.0409 19.226 6.48076 19.226H15.6421C16.082 19.226 16.4386 18.8706 16.4386 18.4323C16.4386 17.9939 16.082 17.6386 15.6421 17.6386Z\"\r\n                            fill=\"black\" \/>\r\n                        <path\r\n                            d=\"M15.6421 21.1354H6.48076C6.0409 21.1354 5.68432 21.4908 5.68432 21.9292C5.68432 22.3675 6.0409 22.7229 6.48076 22.7229H15.6421C16.082 22.7229 16.4386 22.3675 16.4386 21.9292C16.4386 21.4908 16.082 21.1354 15.6421 21.1354Z\"\r\n                            fill=\"black\" \/>\r\n                    <\/svg><\/a>\r\n\r\n                            <\/p>\r\n        <\/div>\r\n    <\/div>\r\n        <\/div>\r\n\n\n\r\n<div id=\"content-text-block-block_53508d75e047fd22706f635e79d2d93b\" class=\"block-content-text-block\">\r\n    <p><p>The core principles of open science are transparency, collaboration, and the sharing of scientific research results\u2014both within the research community and with the general public. Open science not only ensures that scientific knowledge is openly accessible, but also promotes a research process that is inclusive, equitable, and sustainable.<\/p>\n<p>Main objectives of open science:<\/p>\n<ul>\n<li>To promote greater equity among researchers, especially those from less well-resourced countries and underfunded research centres.<\/li>\n<li>To ensure the openness of scientific content, tools, and processes.<\/li>\n<li>To guarantee the traceability of research data.<\/li>\n<li>To foster collaboration and the free flow of information within the academic community.<\/li>\n<li>To strengthen the connection between academia and the general public.<\/li>\n<li>To enhance the role of science in addressing societal and global challenges.<\/li>\n<\/ul>\n<p>Open science practices include open access to scientific research results, open access to research data, open publication of scientific works, and citizen science.<\/p>\n<p><strong><a href=\"https:\/\/projekt-spoznaj.si\/\">The SPOZNAJ Project<\/a><\/strong><\/p>\n<p>The Institute for Ethnic Studies participates in SPOZNAJ, a project supporting the introduction of the principles of open science in Slovenia. This state-funded initiative is carried out under the national Recovery and Resilience Plan, coordinated by the Ministry of Higher Education, Science and Innovation.<\/p>\n<p>The project\u2019s goal is to introduce open science principles into scientific research and to align the activities of 20 public research organisations therewith.<\/p>\n<p style=\"text-align: justify\"><strong><em>Slovenian regulations on open access<\/em><\/strong><\/p>\n<ul>\n<li><a href=\"https:\/\/pisrs.si\/pregledPredpisa?id=RESO133\">Resolucija o znanstvenoraziskovalni in inovacijski strategiji Slovenije 2030<\/a> (ReZrIS30)<\/li>\n<li><a href=\"https:\/\/www.aris-rs.si\/sl\/akti\/zak-RRD-21.asp\">Zakon o znanstvenoraziskovalni in inovacijski dejavnosti<\/a> (ZZrID)<\/li>\n<li><a href=\"https:\/\/www.uradni-list.si\/glasilo-uradni-list-rs\/vsebina\/2023-01-1828\/uredba-o-izvajanju-znanstvenoraziskovalnega-dela-v-skladu-z-naceli-odprte-znanosti\">Uredba o izvajanju znanstvenoraziskovalnega dela v skladu z na\u010deli odprte znanosti<\/a><\/li>\n<li><a href=\"https:\/\/www.arrs.si\/sl\/dostop\/inc\/24\/Akcijski_nacrt_odprta%20znanost.pdf\">Akcijski na\u010drt za odprto znanost za izvedbo Ukrepa 6.2: Odprta znanost za izbolj\u0161anje kakovosti, u\u010dinkovitosti in odzivnosti raziskav v okviru Resolucije o znanstvenoraziskovalni in inovacijski strategiji Slovenije 2030<\/a><\/li>\n<li><a href=\"https:\/\/www.gov.si\/assets\/ministrstva\/MIZS\/Dokumenti\/ZNANOST\/Strategije\/Nacionalna_strategija_odprtega_dostopa.pdf\">Nacionalna strategija odprtega dostopa do znanstvenih objav in raziskovalnih podatkov v Sloveniji 2015\u22122020<\/a><\/li>\n<\/ul>\n<p><em><strong>Useful links<\/strong><\/em><\/p>\n<ul>\n<li><a href=\"https:\/\/odprtaknjiznica.splet.arnes.si\/\">Odprta knji\u017enica<\/a><\/li>\n<li><a href=\"https:\/\/www.ctk.uni-lj.si\/raziskovalni-podatki\/\">CTK \u2013 Raziskovalni podatki<\/a><\/li>\n<li><a href=\"https:\/\/www.uni-lj.si\/raziskovanje\/odprta-znanost\">Univerza v Ljubljani \u2013 Odprta znanost<\/a><\/li>\n<li><a href=\"https:\/\/www.arrs.si\/sl\/dostop\/predstavitev.asp\">ARIS \u2013 Odprta znanost<\/a><\/li>\n<li><a href=\"https:\/\/projekt-spoznaj.si\">Projekt SPOZNAJ<\/a><\/li>\n<li><a href=\"https:\/\/www.coalition-s.org\/\">cOAlition S<\/a><\/li>\n<li><a href=\"https:\/\/www.openaire.eu\/open-science-europe-overview\">OpenAIRE \u2013 Open Science in Europe<\/a><\/li>\n<li><a href=\"https:\/\/ec.europa.eu\/research\/participants\/data\/ref\/h2020\/grants_manual\/hi\/oa_pilot\/h2020-hi-oa-pilot-guide_en.pdf\">Obzorje 2020<\/a><\/li>\n<\/ul>\n<p><strong><em>Repositories<\/em><\/strong><\/p>\n<ul>\n<li>Register zaupanja vrednih repozitorijev: <a href=\"https:\/\/www.re3data.org\/\">https:\/\/www.re3data.org\/<\/a><\/li>\n<li>Merila za opredelitev zaupanja vrednih repozitorijev: <a href=\"https:\/\/www.arrs.si\/sl\/obvestila\/24\/inc\/3\/Merila%20ZVR.pdf\">https:\/\/www.arrs.si\/sl\/obvestila\/24\/inc\/3\/Merila%20ZVR.pdf<\/a><\/li>\n<li>Pregled SLOVENSKIH REPOZITORIJEV <strong>RAZISKOVALNIH PODATKOV<\/strong>: <a href=\"https:\/\/www.clarin.si\/info\/wp-content\/uploads\/2021\/04\/RDA.SI-WG-repozitoriji-v1.1.pdf\">https:\/\/www.clarin.si\/info\/wp-content\/uploads\/2021\/04\/RDA.SI-WG-repozitoriji-v1.1.pdf<\/a><\/li>\n<li>Hiter pregled podro\u010dnih repozitorijev v Sloveniji:\n<ul>\n<li>Arhiv dru\u017eboslovnih podatkov: <a href=\"https:\/\/www.adp.fdv.uni-lj.si\/\">https:\/\/www.adp.fdv.uni-lj.si\/<\/a><\/li>\n<li>Jezikovni viri in tehnologije: <a href=\"https:\/\/www.clarin.si\/info\/o-projektu\/\">https:\/\/www.clarin.si\/info\/o-projektu\/<\/a><\/li>\n<li>Zgodovina Slovenije: <a href=\"https:\/\/www.sistory.si\/\">https:\/\/www.sistory.si\/<\/a><\/li>\n<li>Digitalna humanistika: <a href=\"http:\/\/www.dariah.si\/\">http:\/\/www.dariah.si\/<\/a><\/li>\n<\/ul>\n<\/li>\n<li>Primer FREE odprtodostopnega repozitorija za ve\u010d tipov vrst podatkov na evropski ravni (pod OpenAIR): <a href=\"https:\/\/zenodo.org\/\">https:\/\/zenodo.org\/<\/a><\/li>\n<\/ul>\n<p><em><strong>Open science journals<\/strong><\/em><\/p>\n<ul>\n<li>Portal SHERPA\/RoMEO: <a href=\"https:\/\/openpolicyfinder.jisc.ac.uk\/\">https:\/\/openpolicyfinder.jisc.ac.uk\/<\/a><\/li>\n<li>Nacionalni portal odprte znanosti: <a href=\"https:\/\/www.openscience.si\/\">https:\/\/www.openscience.si\/<\/a><\/li>\n<li>Mednarodne bibliografske baze podatkov, ki se upo\u0161tevajo pri kategorizaciji znanstvenih publikacij (BIBLIO-A): <a href=\"http:\/\/home.izum.si\/COBISS\/bibliografije\/Kateg-medn-bibl-baze.html\">http:\/\/home.izum.si\/COBISS\/bibliografije\/Kateg-medn-bibl-baze.html<\/a><\/li>\n<li>Revije, ki niso vklju\u010dene v mednarodne bibliografske baze podatkov, se pa upo\u0161tevajo pri kategorizaciji znanstvenih publikacij (BIBLIO-B): <a href=\"http:\/\/home.izum.si\/COBISS\/bibliografije\/Kateg-revije.html\">http:\/\/home.izum.si\/COBISS\/bibliografije\/Kateg-revije.html<\/a><\/li>\n<li>Mednarodne zalo\u017ebe, ki se upo\u0161tevajo pri kategorizaciji znanstvenih publikacij (BIBLIO-C): <a href=\"http:\/\/home.izum.si\/COBISS\/bibliografije\/Kateg-medn-zalozbe.html\">http:\/\/home.izum.si\/COBISS\/bibliografije\/Kateg-medn-zalozbe.html<\/a><\/li>\n<li>DOAJ odprtodostopne revije: <a href=\"https:\/\/doaj.org\/\">https:\/\/doaj.org\/<\/a><\/li>\n<li>DOAB odprtodostopne knjige: <a href=\"https:\/\/www.doabooks.org\/\">https:\/\/www.doabooks.org\/<\/a><\/li>\n<li>Quality Open Access Market: orodje za evalvacijo odprtodostopnih revij (kvaliteta + cena) <a href=\"https:\/\/www.qoam.eu\/\">https:\/\/www.qoam.eu\/<\/a><\/li>\n<\/ul>\n<p><em><strong>Bibliographic benchmarks<\/strong><\/em><\/p>\n<ul>\n<li><a href=\"https:\/\/www.arrs.si\/sl\/akti\/23\/inc\/metod-skupna-23-Priloga1.pdf\">https:\/\/www.arrs.si\/sl\/akti\/23\/inc\/metod-skupna-23-Priloga1.pdf<\/a><\/li>\n<\/ul>\n<p><em><strong>List of predatory journals<\/strong><\/em><\/p>\n<ul>\n<li><a href=\"https:\/\/beallslist.net\/\">https:\/\/beallslist.net\/<\/a><\/li>\n<\/ul>\n<\/p>\r\n<\/div>\n\n\r\n<div id=\"content-text-block-block_e568d8cc1eb51fcce195bba120447d48\" class=\"block-content-text-block\">\r\n    <p><p><span style=\"text-decoration: underline\"><strong>FAQ about open science<\/strong><\/span><\/p>\n<p><strong>Research data<\/strong><\/p>\n<p><em>What are research data?<\/em><\/p>\n<ul>\n<li>Research data refers to any material used or generated during the research process that supports or validates research findings.<\/li>\n<li>Research data are defined as factual records (numerical scores, textual records, images and sounds) used as primary sources for scientific research, and that are commonly accepted in the scientific community as necessary to validate research findings. A research data set constitutes a systematic, partial representation of the subject being investigated. This term does not cover the following: laboratory notebooks, preliminary analyses, and drafts of scientific papers, plans for future research, peer reviews, or personal communications with colleagues or physical objects (e.g. laboratory samples, strains of bacteria and test animals such as mice). (OECD, 2007)<\/li>\n<\/ul>\n<p><em>Why are research data used?<\/em><\/p>\n<ul>\n<li>Data are part of research production \u2013 CITATION.<\/li>\n<li>Data contribute to the transparency and quality of research.<\/li>\n<li>Research data contribute to REPRODUCIBILITY.<\/li>\n<li>The production of research data is often driven by the requirements of funders and publishers.<\/li>\n<\/ul>\n<p>Research data can have significant research impact.<\/p>\n<p>&nbsp;<\/p>\n<p><em>Where are research data stored?<\/em><\/p>\n<p>Research data are typically stored in open access repositories. In Slovenia, for example, the Central Technical Library (CTK) manages <a href=\"https:\/\/dirros.openscience.si\/info\/index.php\/slo\/component\/users\/\">DiRROS \u2013 the Digital Repository of Research Organisations of Slovenia<\/a>. DiRROS serves as a central access point for electronic versions of scientific and professional works, reports, research data, and other materials produced by research organisations, as well as by independent researchers and artists who may not have institutional support for publishing or preserving digital resources. (Raziskovalni podatki, n. d.)<\/p>\n<p><em>Is it necessary to share research data?<\/em><\/p>\n<p>Pursuant to Article 6\u010d of the <a href=\"https:\/\/pisrs.si\/pregledPredpisa?id=ZAKO8367\"><em>Act amending the Access to Public Information Ac<\/em>t<\/a> and Article 4 of the <a href=\"https:\/\/www.uradni-list.si\/glasilo-uradni-list-rs\/vsebina\/2023-01-1828\/uredba-o-izvajanju-znanstvenoraziskovalnega-dela-v-skladu-z-naceli-odprte-znanosti\"><em>Decree on the Implementation of Scientific Research in Accordance with the Principles of Open Science<\/em><\/a>, research data must be shared if they have been generated through research that has been co-funded by public sources by at least 50%. (Raziskovalni podatki, n. d.)<\/p>\n<p><em>What counts as OPEN research data?<\/em><\/p>\n<p>Open research data are all data that are openly accessible and meet the FAIR principles (see Table 1).<\/p>\n<p><strong>Data and FAIR principles<\/strong><\/p>\n<p><em>Findability<\/em> and <em>Accessibility<\/em>: Data is stored in a trusted repository, where it is tagged with identifiers and metadata. This ensures findability and accessibility.<\/p>\n<p><em>Interoperability<\/em>: Data is recorded or described in a generally accessible and widely used language (standards, protocols), which allows data to be transferred between different systems without significant human intervention.<\/p>\n<p><em>Reusability <\/em>: Data is accompanied by an open license and all relevant information (description of the method, software, protocols, etc.). This means that other researchers can understand the data in context and reuse it for their own purposes.<\/p>\n<p><strong>SOURCES:<\/strong><\/p>\n<p style=\"text-indent: -35.45pt;margin: 0cm 0cm .0001pt 35.45pt\"><em>UNESCO Recommendation on Open Science.<\/em> (b. d.). UNESCO. <a href=\"https:\/\/www.unesco.org\/en\/open-science\/about?hub=686\">https:\/\/www.unesco.org\/en\/open-science\/about?hub=686<\/a><\/p>\n<p style=\"text-indent: -35.45pt;margin: 0cm 0cm .0001pt 35.45pt\">OECD. (2007). <em>OECD Principles and Guidelines for Access to Research Data from Public Funding<\/em>, <a href=\"https:\/\/doi.org\/10.1787\/9789264034020-en-fr\">https:\/\/doi.org\/10.1787\/9789264034020-en-fr<\/a><\/p>\n<p style=\"text-indent: -35.45pt;margin: 0cm 0cm .0001pt 35.45pt\"><em>Raziskovalni podatki. <\/em>(b. d.). Centralna tehni\u010dna knji\u017enica Univerze v Ljubljani. <a href=\"https:\/\/www.ctk.uni-lj.si\/raziskovalni-podatki\/\">https:\/\/www.ctk.uni-lj.si\/raziskovalni-podatki\/<\/a><\/p>\n<p style=\"text-indent: -35.45pt;margin: 0cm 0cm .0001pt 35.45pt\"><em>Odprta znanost. <\/em>(b. d.). Javna agencija za znanstvenoraziskovalno in inovacijsko dejavnost Republike<br \/>\nSlovenije. <a href=\"https:\/\/www.arrs.si\/sl\/dostop\/predstavitev.asp\">https:\/\/www.arrs.si\/sl\/dostop\/predstavitev.asp<\/a><\/p>\n<p>&nbsp;<\/p>\n<\/p>\r\n<\/div>","protected":false},"excerpt":{"rendered":"","protected":false},"author":5,"featured_media":0,"parent":0,"menu_order":0,"comment_status":"closed","ping_status":"closed","template":"page-template-indok.php","meta":{"_acf_changed":false,"footnotes":""},"class_list":["post-4180","page","type-page","status-publish","hentry"],"acf":[],"_links":{"self":[{"href":"https:\/\/inv.si\/en\/wp-json\/wp\/v2\/pages\/4180","targetHints":{"allow":["GET"]}}],"collection":[{"href":"https:\/\/inv.si\/en\/wp-json\/wp\/v2\/pages"}],"about":[{"href":"https:\/\/inv.si\/en\/wp-json\/wp\/v2\/types\/page"}],"author":[{"embeddable":true,"href":"https:\/\/inv.si\/en\/wp-json\/wp\/v2\/users\/5"}],"replies":[{"embeddable":true,"href":"https:\/\/inv.si\/en\/wp-json\/wp\/v2\/comments?post=4180"}],"version-history":[{"count":6,"href":"https:\/\/inv.si\/en\/wp-json\/wp\/v2\/pages\/4180\/revisions"}],"predecessor-version":[{"id":9232,"href":"https:\/\/inv.si\/en\/wp-json\/wp\/v2\/pages\/4180\/revisions\/9232"}],"wp:attachment":[{"href":"https:\/\/inv.si\/en\/wp-json\/wp\/v2\/media?parent=4180"}],"curies":[{"name":"wp","href":"https:\/\/api.w.org\/{rel}","templated":true}]}}