{"id":720,"date":"2023-12-22T10:55:42","date_gmt":"2023-12-22T10:55:42","guid":{"rendered":"http:\/\/inv.si\/raziskovanje\/"},"modified":"2024-12-11T15:57:02","modified_gmt":"2024-12-11T15:57:02","slug":"raziskovanje","status":"publish","type":"page","link":"https:\/\/inv.si\/en\/raziskovanje\/","title":{"rendered":"Research"},"content":{"rendered":"\r\n<div id=\"content-text-block-block_16f753b942117d1302613e6142d912d6\" class=\"block-content-text-block\">\r\n    <p><p>Raziskovanje na podro\u010dju etni\u010dnih \u0161tudij je temeljna dejavnost in\u0161tituta, ki poteka v okviru raziskovalnega programa (raziskovalne skupine) ter temeljnih in aplikativnih raziskovalnih projektov. Poleg tega INV izdeluje tudi strokovne \u0161tudije in ekspertize (zlasti za potrebe dr\u017eavnih institucij, ki se ukvarjajo z etni\u010dno, manj\u0161insko in kulturno politiko). Na in\u0161titutu delajo raziskovalci iz naslednjih disciplin (na\u0161tetih po abecednem redu): antropologija, etnologija, dru\u017eboslovna informatika, jezikoslovje, politologija, pravo, psihologija, sociolingvistika, sociologija, zgodovina.<\/p>\n<p>Raziskovalke in raziskovalci na in\u0161titutu so vklju\u010deni tudi v \u0161tevilne mednarodne raziskovalne in strokovne projekte in programe, kot eksperti in svetovalci pa sodelujejo z razli\u010dnimi nacionalnimi in mednarodnimi institucijami in organizacijami. Prav tako posamezne raziskovalke in raziskovalci kot univerzitetni u\u010ditelji, predavatelji, mentorji in asistenti sodelujejo tudi v pedago\u0161kem procesu na slovenskih (Ljubljana, Maribor) in tujih (Celovec, Detroit, itd.) univerzah in visokih \u0161olah. Zaradi raziskovalne tradicije in ugleda in\u0161tituta ter zaradi dejstva, da ima njegova knji\u017enica eno najbogatej\u0161ih zbirk literature o etni\u010dnih odnosih in manj\u0161inah v jugovzhodni Evropi, je bil v okviru Pakta stabilnosti za jugovzhodno Evropo leta 2000 na slovensko pobudo sprejet (mednarodni) projekt o oblikovanju Mednarodnega centra za medetni\u010dne odnose in manj\u0161ine v jugovzhodni Evropi na INV.<\/p>\n<\/p>\r\n<\/div>","protected":false},"excerpt":{"rendered":"","protected":false},"author":1,"featured_media":0,"parent":0,"menu_order":0,"comment_status":"closed","ping_status":"closed","template":"page-template-research.php","meta":{"_acf_changed":false,"footnotes":""},"class_list":["post-720","page","type-page","status-publish","hentry"],"acf":[],"_links":{"self":[{"href":"https:\/\/inv.si\/en\/wp-json\/wp\/v2\/pages\/720","targetHints":{"allow":["GET"]}}],"collection":[{"href":"https:\/\/inv.si\/en\/wp-json\/wp\/v2\/pages"}],"about":[{"href":"https:\/\/inv.si\/en\/wp-json\/wp\/v2\/types\/page"}],"author":[{"embeddable":true,"href":"https:\/\/inv.si\/en\/wp-json\/wp\/v2\/users\/1"}],"replies":[{"embeddable":true,"href":"https:\/\/inv.si\/en\/wp-json\/wp\/v2\/comments?post=720"}],"version-history":[{"count":39,"href":"https:\/\/inv.si\/en\/wp-json\/wp\/v2\/pages\/720\/revisions"}],"predecessor-version":[{"id":2059,"href":"https:\/\/inv.si\/en\/wp-json\/wp\/v2\/pages\/720\/revisions\/2059"}],"wp:attachment":[{"href":"https:\/\/inv.si\/en\/wp-json\/wp\/v2\/media?parent=720"}],"curies":[{"name":"wp","href":"https:\/\/api.w.org\/{rel}","templated":true}]}}